{"id":674,"date":"2022-03-31T18:52:49","date_gmt":"2022-03-31T16:52:49","guid":{"rendered":"https:\/\/projetcefel.eu\/?page_id=674"},"modified":"2022-05-12T13:47:53","modified_gmt":"2022-05-12T11:47:53","slug":"privacy-policy","status":"publish","type":"page","link":"https:\/\/projetcefel.eu\/fr\/privacy-policy\/","title":{"rendered":"Cookie | Privacy Policy"},"content":{"rendered":"\r\n<p class=\"p1\"><b>Politique<\/b><b> <\/b><b>en<\/b><b> <\/b><b>mati\u00e8re<\/b><b> <\/b><b>de<\/b><b> <\/b><b>cookies<\/b><\/p>\r\n<p class=\"p2\"><span class=\"s3\"><b>Politique<\/b><\/span><b> <\/b><span class=\"s3\"><b>de<\/b><\/span><b> <\/b><span class=\"s3\"><b>cookiesInformations<\/b><\/span><b> <\/b><span class=\"s3\"><b>sur<\/b><\/span><b> <\/b><span class=\"s3\"><b>le<\/b><\/span><b> <\/b><span class=\"s3\"><b>fonctionnement des cookies \u2013<\/b><\/span><b> <\/b><span class=\"s3\"><b>Art. 13 du Code<\/b><\/span><b> <\/b><span class=\"s3\"><b>de<\/b><\/span><\/p>\r\n<p class=\"p4\">confidentialit\u00e9Suivez, nous vous informons de mani\u00e8re transparente sur le fonctionnement sur ce site Web des soi-disant cookies conform\u00e9ment \u00e0 la directive 2009\/136 \/ CE et \u00e0 la disposition connexe du garant de la vie priv\u00e9e n.229\/2014.<\/p>\r\n<p class=\"p6\"><span class=\"s3\"><b>D\u00e9finition<\/b><\/span><b> <\/b><span class=\"s3\"><b>des<\/b><\/span><b> <\/b><span class=\"s3\"><b>\u00ab<\/b><\/span><b> <\/b><span class=\"s3\"><b>cookies<\/b><\/span><b> <\/b><span class=\"s3\"><b>\u00bb<\/b><\/span><\/p>\r\n<p class=\"p7\">Les cookies sont de courts fragments de texte (lettres et\/ou chiffres) envoy\u00e9s par le Site et stock\u00e9s par votre navigateur sur l\u2019appareil sp\u00e9cifique que vous utilisez (ordinateur, tablette, smartphone) et contiennent des informations \u00e0 r\u00e9utiliser lors de la m\u00eame visite sur le site ou ult\u00e9rieurement, m\u00eame apr\u00e8s des jours. Les cookies sont stock\u00e9s, en fonction des pr\u00e9f\u00e9rences de l\u2019utilisateur. En outre, avec l\u2019introduction de HTML5, diff\u00e9rentes formes de stockage local et de technologies similaires sont disponibles, telles que, par exemple, des balises Web et des GIF transparents, qui peuvent \u00eatre utilis\u00e9s pour collecter des informations sur le comportement et les choix des utilisateurs et sur l\u2019utilisation des services. Dans ce document, pour simplifier, nous utiliserons le terme \u00ab cookies \u00bb pour d\u00e9signer les cookies et toutes les technologies similaires.<\/p>\r\n<p class=\"p10\"><b>Types de<\/b><\/p>\r\n<p class=\"p11\">cookiesSur la base des caract\u00e9ristiques et de l\u2019utilisation des cookies, nous pouvons distinguer deux macro-cat\u00e9gories:<\/p>\r\n<p class=\"p8\"><span class=\"s8\"><b>Cookies<\/b><\/span><b> <\/b><span class=\"s8\"><b>techniques<\/b><\/span><b> <\/b><span class=\"s8\"><b>ou<\/b><\/span><b> <\/b><span class=\"s8\"><b>de<\/b><\/span><b> <\/b><span class=\"s8\"><b>session.<\/b><\/span><b> <\/b>Ces cookies sont indispensables au bon fonctionnement du site et sont utilis\u00e9s pour g\u00e9rer la connexion et l\u2019acc\u00e8s aux fonctions r\u00e9serv\u00e9es du site. La dur\u00e9e des cookies est strictement limit\u00e9e \u00e0 la session de travail (lorsque le navigateur est ferm\u00e9, ils sont supprim\u00e9s), \u00e0 l\u2019exception des cookies de plus longue dur\u00e9e visant exclusivement \u00e0 reconna\u00eetre, pour une p\u00e9riode limit\u00e9e, l\u2019ordinateur \/ appareil du visiteur \u2013 gr\u00e2ce \u00e0 un code alphanum\u00e9rique g\u00e9n\u00e9r\u00e9 lors de la premi\u00e8re session d\u2019acc\u00e8s. Leur d\u00e9sactivation compromet l\u2019utilisation des services accessibles par login. La partie publique du site reste normalement utilisable. Ils sont \u00e9galement inclus dans cette cat\u00e9gorie dans les \u00ab cookies analytiques \u00bb, uniquement s\u2019ils sont utilis\u00e9s sous forme agr\u00e9g\u00e9e pour collecter et analyser le trafic et surveiller les performances et l\u2019utilisation du site de mani\u00e8re anonyme. Ces cookies, sans identifier l\u2019utilisateur, permettent, par exemple, de d\u00e9tecter si le m\u00eame utilisateur revient se connecter \u00e0 des moments diff\u00e9rents. Ils vous permettent \u00e9galement de surveiller le syst\u00e8me et d\u2019am\u00e9liorer ses performances et sa convivialit\u00e9. La d\u00e9sactivation de ces cookies peut se faire sans aucune perte de fonctionnalit\u00e9. L\u2019utilisation de ces cookies est autoris\u00e9e m\u00eame en l\u2019absence du consentement de l\u2019int\u00e9ress\u00e9.<\/p>\r\n<p class=\"p4\"><span class=\"s8\"><b>Cookies<\/b><\/span><b> <\/b><span class=\"s8\"><b>de<\/b><\/span><b> <\/b><span class=\"s8\"><b>profilage<\/b><\/span><b> <\/b><span class=\"s8\"><b>et<\/b><\/span><b> <\/b><span class=\"s8\"><b>de<\/b><\/span><b> <\/b><span class=\"s8\"><b>marketing.<\/b><\/span><b> <\/b>Ce sont des cookies permanents utilis\u00e9s pour identifier (anonymement ou non) les pr\u00e9f\u00e9rences de l\u2019utilisateur et am\u00e9liorer son exp\u00e9rience de navigation, en cr\u00e9ant des profils sp\u00e9cifiques et sont utilis\u00e9s pour envoyer des messages publicitaires en ligne avec les choix effectu\u00e9s par celui-ci dans le cadre de la navigation sur le net. <span class=\"s8\"><b>projetcefel.eu <\/b><\/span><b>n\u2019utilise<\/b><b> <\/b><b>pas<\/b><b> <\/b><b>de<\/b><b> <\/b><b>cookies<\/b><b> <\/b><b>de<\/b><b> <\/b><b>ce<\/b><b> <\/b><b>type.<\/b><\/p>\r\n<p class=\"p10\"><span class=\"s3\"><b>Cookies<\/b><\/span><\/p>\r\n<p class=\"p18\">tiersVisite d\u2019un site Web, vous pouvez recevoir des cookies \u00e0 la fois du site visit\u00e9 (\u00ab propri\u00e9taires \u00bb)<\/p>\r\n<p class=\"p19\">et des sites g\u00e9r\u00e9s par d\u2019autres organisations (\u00ab tiers \u00bb). La gestion des informations collect\u00e9es par<\/p>\r\n<p class=\"p20\">des \u00ab tiers \u00bb est r\u00e9gie par les informations pertinentes auxquelles il est fait r\u00e9f\u00e9rence. Pour assurer une plus grande transparence et commodit\u00e9, le tableau suivant montre les types et les adresses Web des diff\u00e9rentes informations et m\u00e9thodes de gestion des cookies tiers.<\/p>\r\n<table class=\"t1\" cellspacing=\"0\" cellpadding=\"0\">\r\n<tbody>\r\n<tr>\r\n<td class=\"td1\" valign=\"top\">\r\n<p class=\"p22\"><b>Type<\/b><b> <\/b><b>de <\/b><span class=\"s3\"><b>cookies<\/b><\/span><\/p>\r\n<\/td>\r\n<td class=\"td1\" valign=\"top\">\r\n<p class=\"p23\"><span class=\"s3\"><b>Dur\u00e9e<\/b><\/span><\/p>\r\n<\/td>\r\n<td class=\"td1\" valign=\"top\">\r\n<p class=\"p24\"><span class=\"s5\"><b>But<\/b><\/span><\/p>\r\n<\/td>\r\n<td class=\"td1\" valign=\"top\">\r\n<p class=\"p25\"><span class=\"s3\"><b>Propri\u00e9tair<\/b><\/span><\/p>\r\n<p class=\"p26\"><b>e du <\/b><span class=\"s3\"><b>traitement <\/b><\/span><span class=\"s5\"><b>des <\/b><\/span><span class=\"s3\"><b>cookies tiers<\/b><\/span><\/p>\r\n<\/td>\r\n<td class=\"td1\" valign=\"top\">\r\n<p class=\"p27\"><b>Politique<\/b><b> <\/b><b>de<\/b><b> <\/b><b>confidentialit\u00e9<\/b><b> <\/b><b>des<\/b><b> <\/b><b>liens\/cookies<\/b><b> <\/b><b>de<\/b><b> <\/b><b>tiers<\/b><\/p>\r\n<\/td>\r\n<\/tr>\r\n<tr>\r\n<td class=\"td1\" valign=\"top\">\r\n<p class=\"p29\"><span class=\"s3\">Analytic <\/span><span class=\"s6\">s<\/span><\/p>\r\n<\/td>\r\n<td class=\"td1\" valign=\"top\">\r\n<p class=\"p30\"><span class=\"s3\">Permane <\/span><span class=\"s4\">nt<\/span><\/p>\r\n<\/td>\r\n<td class=\"td1\" valign=\"top\">\r\n<p class=\"p31\"><span class=\"s3\">Analyse statistiqu <\/span>e et <span class=\"s3\">rapports<\/span><\/p>\r\n<\/td>\r\n<td class=\"td1\" valign=\"top\">\r\n<p class=\"p32\"><span class=\"s3\">Google<\/span><\/p>\r\n<p class=\"p33\">Inc. (en <span class=\"s3\">anglais seulement<\/span>)<\/p>\r\n<\/td>\r\n<td class=\"td1\" valign=\"top\">\r\n<p class=\"p35\"><span class=\"s14\"><a href=\"http:\/\/www.google.com\/intl\/en\/analytics\/privacyoverview.html\">http:\/\/www.google.com\/intl\/en\/analytics\/privacyovervie<\/a><\/span><span class=\"s3\"> <a href=\"http:\/\/www.google.com\/intl\/en\/analytics\/privacyoverview.html\"><span class=\"s15\">w.html<\/span><\/a><\/span><\/p>\r\n<\/td>\r\n<\/tr>\r\n<\/tbody>\r\n<\/table>\r\n<p class=\"p36\"><b>Dur\u00e9e des<\/b><\/p>\r\n<p class=\"p37\">cookiesCertains cookies (cookies de session) ne restent actifs que jusqu\u2019\u00e0 ce que le navigateur soit ferm\u00e9 ou que la commande de d\u00e9connexion soit ex\u00e9cut\u00e9e. D\u2019autres cookies \u00ab survivent \u00bb lorsque le navigateur est ferm\u00e9 et sont \u00e9galement disponibles lors de visites ult\u00e9rieures de l\u2019utilisateur. Ces cookies sont dits persistants et leur dur\u00e9e est fix\u00e9e par le serveur au moment de leur cr\u00e9ation. Dans certains cas, un d\u00e9lai est fix\u00e9, dans d\u2019autres cas, la dur\u00e9e est illimit\u00e9e. \u00c0 l\u2019exception des cookies dont les informations sont stock\u00e9es exclusivement \u00e0 des fins techniques, Cefel n\u2019utilise pas de cookies persistants. Cependant, en naviguant sur les pages des sites Web, vous pouvez interagir avec des sites g\u00e9r\u00e9s par des tiers qui peuvent cr\u00e9er ou modifier des cookies permanents et de profilage.<\/p>\r\n<p class=\"p39\"><b>Gestion des<\/b><\/p>\r\n<p class=\"p40\">cookiesL\u2019utilisateur peut d\u00e9cider d\u2019accepter ou non les cookies en utilisant les param\u00e8tres de son navigateur. Attention : la d\u00e9sactivation totale ou partielle des cookies techniques peut compromettre l\u2019utilisation des fonctionnalit\u00e9s du site r\u00e9serv\u00e9es aux utilisateurs enregistr\u00e9s. Au contraire, la convivialit\u00e9 du contenu public est \u00e9galement possible en d\u00e9sactivant compl\u00e8tement les cookies. La d\u00e9sactivation des cookies \u00ab tiers \u00bb n\u2019affecte en rien la navigabilit\u00e9. Le param\u00e8tre peut \u00eatre d\u00e9fini sp\u00e9cifiquement pour diff\u00e9rents sites Web et applications Web. De plus, les meilleurs navigateurs vous permettent de d\u00e9finir diff\u00e9rents param\u00e8tres pour les cookies \u00abpropri\u00e9taires \u00bb et pour ceux de \u00ab tiers \u00bb. Gr\u00e2ce au menu d\u2019options du navigateur utilis\u00e9, il est possible de g\u00e9rer et de d\u00e9finir s\u2019il faut ou non accepter les diff\u00e9rents types de cookies et proc\u00e9der \u00e0 leur suppression.<\/p>\r\n<p class=\"p38\">Internet Explorer : <a href=\"http:\/\/windows.microsoft.com\/it-it\/internet-explorer\/delete-manage-cookies#ie%3Die-11\"><span class=\"s17\">http:\/\/windows.microsoft.com\/it-it\/internet-<\/span><\/a><span class=\"s18\"> <a href=\"http:\/\/windows.microsoft.com\/it-it\/internet-explorer\/delete-manage-cookies#ie%3Die-11\"><span class=\"s19\">explorer\/delete-manage-cookies#ie=ie-11<\/span><\/a><\/span><\/p>\r\n<p class=\"p41\"><span class=\"s20\">Google Chrome : <a href=\"https:\/\/support.google.com\/accounts\/answer\/61416?hl=it\"><span class=\"s19\">https:\/\/support.google.com\/accounts\/answer\/61416?hl=it<\/span><\/a><\/span><\/p>\r\n<p class=\"p41\"><span class=\"s20\">Safari Apple : <a href=\"http:\/\/support.apple.com\/kb\/HT1677?viewlocale=it_IT\"><span class=\"s19\">http:\/\/support.apple.com\/kb\/HT1677?viewlocale=it_IT<\/span><\/a><\/span><\/p>\r\n<p class=\"p41\"><span class=\"s20\">Fireforx Hub : <a href=\"https:\/\/support.mozilla.org\/it\/kb\/Attivare%20e%20disattivare%20i%20cookie\"><span class=\"s19\">https:\/\/support.mozilla.org\/it\/kb\/Attivare%20e%20disattivare%20i%20cookie<\/span><\/a><\/span><\/p>\r\n<p class=\"p41\"><span class=\"s20\">Flash Player :\u00a0<\/span><span class=\"s19\"><a href=\"http:\/\/www.macromedia.com\/support\/documentation\/it\/flashplayer\/help\/settings_manager02.html#118539\">http:\/\/www.macromedia.com\/support\/documentation\/it\/flashplayer\/help\/settings_manager02.h<\/a><\/span> <a href=\"http:\/\/www.macromedia.com\/support\/documentation\/it\/flashplayer\/help\/settings_manager02.html#118539\"><span class=\"s19\">tml#118539<\/span><\/a><\/p>\r\n<p class=\"p42\">Nous nous souvenons \u00e9galement qu\u2019en d\u00e9sactivant compl\u00e8tement les cookies dans votre navigateur, vous ne pourrez peut-\u00eatre pas utiliser toutes les fonctionnalit\u00e9s interactives.<\/p>\r\n<p class=\"p44\"><b>Communication et diffusion des<\/b><\/p>\r\n<p class=\"p45\">donn\u00e9esLes donn\u00e9es collect\u00e9es \u00e0 l\u2019aide de cookies ne peuvent \u00eatre trait\u00e9es que par du personnel sp\u00e9cifiquement d\u00e9sign\u00e9 et par des sous-traitants. En outre, ces donn\u00e9es peuvent \u00eatre divulgu\u00e9es \u00e0 des tiers, uniquement si elles sont sp\u00e9cifiquement d\u00e9sign\u00e9es en tant que sous-traitants, pour l\u2019ex\u00e9cution de certains services li\u00e9s aux relations existantes (par exemple, consultants, soci\u00e9t\u00e9s de services). Les donn\u00e9es collect\u00e9es \u00e0 l\u2019aide de ses propres cookies ne seront pas divulgu\u00e9es et ne seront pas transf\u00e9r\u00e9es \u00e0 des tiers. Les donn\u00e9es collect\u00e9es \u00e0 l\u2019aide de cookies tiers peuvent \u00eatre transf\u00e9r\u00e9es en dehors de l\u2019Union europ\u00e9enne en particulier vers les \u00c9tats-Unis d\u2019Am\u00e9rique. Vos droitsSelon les dispositions de l\u2019art. 7 du d\u00e9cret l\u00e9gislatif n\u00b0 196\/2003 et art. 15 du R\u00e8glement UE 679\/2016 <span class=\"s8\"><b>(RGPD),<\/b><\/span><b> <\/b>\u00e0 tout moment, vous pouvez exercer vos droits envers le Responsable du traitement et obtenir du Responsable du traitement la confirmation de l\u2019existence ou non de vos donn\u00e9es personnelles et la communication sous une forme intelligible de celles-ci, pour demander l\u2019annulation, la transformation en forme anonyme ou le blocage des donn\u00e9es trait\u00e9es en violation de la loi, ainsi que la mise \u00e0 jour, la rectification, l\u2019int\u00e9gration de celui-ci ou de s\u2019opposer au traitement lui-m\u00eame pour des raisons l\u00e9gitimes.<\/p>\r\n<p class=\"p10\"><b>Propri\u00e9taire et gestionnaire du<\/b><\/p>\r\n<p class=\"p7\">traitementTitulaire du traitement est Consorzio Universitario di Agrigento, dont le si\u00e8ge social est situ\u00e9 Via Quartararo 6, 92100 \u00e0 Agrigente<\/p>\r\n<p class=\"p48\"><b>Mise \u00e0 jour des<\/b><\/p>\r\n<p class=\"p1\">informationsProject Cefel tiendra ces informations constamment \u00e0 jour et il sera de sa responsabilit\u00e9 de publier les informations mises \u00e0 jour sur les sites Web concern\u00e9s.<\/p>\r\n","protected":false},"excerpt":{"rendered":"<p>Politique en mati\u00e8re de cookies Politique de cookiesInformations sur le fonctionnement des cookies \u2013 Art. 13 du Code de confidentialit\u00e9Suivez, nous vous informons de mani\u00e8re transparente sur le fonctionnement sur ce site Web des soi-disant cookies conform\u00e9ment \u00e0 la directive 2009\/136 \/ CE et \u00e0&#8230;<\/p>\n","protected":false},"author":1,"featured_media":0,"parent":0,"menu_order":0,"comment_status":"closed","ping_status":"closed","template":"","meta":{"inline_featured_image":false},"_links":{"self":[{"href":"https:\/\/projetcefel.eu\/fr\/wp-json\/wp\/v2\/pages\/674"}],"collection":[{"href":"https:\/\/projetcefel.eu\/fr\/wp-json\/wp\/v2\/pages"}],"about":[{"href":"https:\/\/projetcefel.eu\/fr\/wp-json\/wp\/v2\/types\/page"}],"author":[{"embeddable":true,"href":"https:\/\/projetcefel.eu\/fr\/wp-json\/wp\/v2\/users\/1"}],"replies":[{"embeddable":true,"href":"https:\/\/projetcefel.eu\/fr\/wp-json\/wp\/v2\/comments?post=674"}],"version-history":[{"count":2,"href":"https:\/\/projetcefel.eu\/fr\/wp-json\/wp\/v2\/pages\/674\/revisions"}],"predecessor-version":[{"id":731,"href":"https:\/\/projetcefel.eu\/fr\/wp-json\/wp\/v2\/pages\/674\/revisions\/731"}],"wp:attachment":[{"href":"https:\/\/projetcefel.eu\/fr\/wp-json\/wp\/v2\/media?parent=674"}],"curies":[{"name":"wp","href":"https:\/\/api.w.org\/{rel}","templated":true}]}}