{"id":533,"date":"2022-03-31T18:52:49","date_gmt":"2022-03-31T16:52:49","guid":{"rendered":"https:\/\/projetcefel.eu\/?page_id=533"},"modified":"2023-05-04T09:00:20","modified_gmt":"2023-05-04T07:00:20","slug":"home_fr","status":"publish","type":"page","link":"https:\/\/projetcefel.eu\/fr\/","title":{"rendered":"HOME_fr"},"content":{"rendered":"<p>[vc_row content_width=\u00a0\u00bbgrid\u00a0\u00bb full_screen_section_height=\u00a0\u00bbno\u00a0\u00bb css=\u00a0\u00bb.vc_custom_1649244002203{padding-top: 78px !important;padding-bottom: 78px !important;background-color: #f7f7f7 !important;}\u00a0\u00bb][vc_column]<div class=\"qodef-carousel-holder clearfix\"><div class=\"qodef-carousel\" data-items=\"5\" data-navigation=\"no\" ><div class=\"qodef-carousel-item-holder\">\n\t\t\t\t\t\t<span class=\"qodef-carousel-first-image-holder  qodef-image-zoom\">\n\t\t\t\t<img src=\"https:\/\/projetcefel.eu\/wp-content\/uploads\/2022\/04\/logo-01.jpg\" alt=\"logo1\">\n\t\t\t<\/span>\n\t\t\t\t\t<\/div><div class=\"qodef-carousel-item-holder\">\n\t\t\t\t\t\t<span class=\"qodef-carousel-first-image-holder  qodef-image-zoom\">\n\t\t\t\t<img src=\"https:\/\/projetcefel.eu\/wp-content\/uploads\/2022\/04\/logo-03.jpg\" alt=\"logo3\">\n\t\t\t<\/span>\n\t\t\t\t\t<\/div><div class=\"qodef-carousel-item-holder\">\n\t\t\t\t\t\t<span class=\"qodef-carousel-first-image-holder  qodef-image-zoom\">\n\t\t\t\t<img src=\"https:\/\/projetcefel.eu\/wp-content\/uploads\/2022\/04\/logo-04.jpg\" alt=\"logo4\">\n\t\t\t<\/span>\n\t\t\t\t\t<\/div><div class=\"qodef-carousel-item-holder\">\n\t\t\t\t\t\t<span class=\"qodef-carousel-first-image-holder  qodef-image-zoom\">\n\t\t\t\t<img src=\"https:\/\/projetcefel.eu\/wp-content\/uploads\/2022\/04\/logo-05.jpg\" alt=\"logo5\">\n\t\t\t<\/span>\n\t\t\t\t\t<\/div><div class=\"qodef-carousel-item-holder\">\n\t\t\t\t\t\t<span class=\"qodef-carousel-first-image-holder  qodef-image-zoom\">\n\t\t\t\t<img src=\"https:\/\/projetcefel.eu\/wp-content\/uploads\/2022\/04\/logo-02.jpg\" alt=\"logo2\">\n\t\t\t<\/span>\n\t\t\t\t\t<\/div><\/div><\/div>[vc_column_text css=\u00a0\u00bb.vc_custom_1652334857925{padding-top: 50px !important;}\u00a0\u00bb]<\/p>\n<h5 style=\"text-align: center;\">Projet cofinanc\u00e9 par l\u2019Union europ\u00e9enne dans le cadre du Programme IEV de Coop\u00e9ration Transfrontali\u00e8re ItalieTunisie 2014-2020.<\/h5>\n<p>[\/vc_column_text][\/vc_column][\/vc_row][vc_row content_width=\u00a0\u00bbgrid\u00a0\u00bb content_aligment=\u00a0\u00bbcenter\u00a0\u00bb full_screen_section_height=\u00a0\u00bbno\u00a0\u00bb css=\u00a0\u00bb.vc_custom_1649082427380{padding-top: 80px !important;padding-bottom: 100px !important;background-color: #ffffff !important;}\u00a0\u00bb][vc_column offset=\u00a0\u00bbvc_col-lg-offset-1 vc_col-lg-10 vc_col-md-offset-1 vc_col-md-10&Prime; css=\u00a0\u00bb.vc_custom_1474541256811{padding-right: 6% !important;padding-left: 6% !important;}\u00a0\u00bb][vc_column_text]<\/p>\n<h2>CEFEL<\/h2>\n<p>[\/vc_column_text][vc_column_text]<\/p>\n<h4>Arch\u00e9ologie Publique<\/h4>\n<p>[\/vc_column_text]<div class=\"qodef-separator-holder clearfix  qodef-separator-center qodef-separator-gradient\">\n\t<div class=\"qodef-separator\" style=\"width: 67px;border-bottom-width: 2px;margin-top: 12px;margin-bottom: 18px\"><\/div>\n<\/div>\n[vc_column_text]<\/p>\n<h4>Le projet vise \u00e0 promouvoir la coop\u00e9ration entre la Sicile et la Tunisie dans le domaine des biens culturels en favorisant la cr\u00e9ation de programmes conjoints de formation et le d\u00e9veloppement d\u2019une offre de travail sp\u00e9cialis\u00e9e utilisable dans les deux r\u00e9gions.<\/h4>\n<p>[\/vc_column_text][\/vc_column][\/vc_row][vc_row full_screen_section_height=\u00a0\u00bbno\u00a0\u00bb][vc_column]<div class=\"qodef-elements-holder qodef-two-columns qodef-responsive-mode-1024\" ><div class=\"qodef-elements-holder-item qodef-horizontal-alignment-center\"  style=\"background-image: url(https:\/\/projetcefel.eu\/wp-content\/uploads\/2022\/04\/valle-dei-templi_06.jpg)\" data-item-class=\"qodef-elements-holder-custom-174343\" data-768-1024=\"29.5%\" data-600-768=\"38%\" data-480-600=\"38%\" data-480=\"38%\">\n\t    <div class=\"qodef-elements-holder-item-inner\">\n        <div class=\"qodef-elements-holder-item-content qodef-elements-holder-custom-174343\" >\n\t\t\t        <\/div>\n    <\/div>\n<\/div><div class=\"qodef-elements-holder-item qodef-horizontal-alignment-center\"  style=\"background-color: #f7f7f7\" data-item-class=\"qodef-elements-holder-custom-651065\" data-1280-1600=\"14% 12% 18%\" data-1024-1280=\"14% 11% 17.6%\" data-768-1024=\"11% 15% 13%\" data-600-768=\"15% 12% 17.6%\" data-480-600=\"15% 7% 20%\" data-480=\"15% 6% 22%\">\n\t    <div class=\"qodef-elements-holder-item-inner\">\n        <div class=\"qodef-elements-holder-item-content qodef-elements-holder-custom-651065\" style=\"padding: 24% 12% 25.6%\">\n\t\t\t[vc_column_text]<\/p>\n<h2>PROJET<\/h2>\n<p>[\/vc_column_text]<div class=\"qodef-separator-holder clearfix  qodef-separator-center qodef-separator-gradient\">\n\t<div class=\"qodef-separator\" style=\"width: 67px;border-bottom-width: 2px;margin-top: 12px;margin-bottom: 18px\"><\/div>\n<\/div>\n[vc_column_text]<\/p>\n<h4>Le projet d\u00e9coule de la n\u00e9cessit\u00e9 pour les partenaires de d\u00e9finir un mod\u00e8le d\u2019int\u00e9gration entre les entreprises actives dans le secteur des biens culturels, les organismes de gestion des sites arch\u00e9ologiques et le syst\u00e8me de formation professionnelle afin de faciliter la rencontre entre la demande et l\u2019offre de travail.<\/h4>\n<p>[\/vc_column_text][vc_empty_space height=\u00a0\u00bb33px\u00a0\u00bb]<a itemprop=\"url\" href=\"https:\/\/projetcefel.eu\/fr\/projet\/\" target=\"_self\"  class=\"qodef-btn qodef-btn-medium qodef-btn-solid qodef-btn-flip\"  >\n    <span class=\"qodef-btn-text\">continue<\/span>\n         \n\t    <span class=\"qodef-btn-text-flip\">\n\t    \t<span class=\"qodef-btn-text\">continue<\/span>\n\t    \t\t    <\/span>\n    <\/a>        <\/div>\n    <\/div>\n<\/div><\/div>[\/vc_column][\/vc_row][vc_row content_width=\u00a0\u00bbgrid\u00a0\u00bb content_aligment=\u00a0\u00bbcenter\u00a0\u00bb full_screen_section_height=\u00a0\u00bbno\u00a0\u00bb css=\u00a0\u00bb.vc_custom_1649082270638{padding-top: 50px !important;padding-bottom: 100px !important;}\u00a0\u00bb][vc_column offset=\u00a0\u00bbvc_col-lg-offset-1 vc_col-lg-10 vc_col-md-offset-1 vc_col-md-10&Prime; css=\u00a0\u00bb.vc_custom_1474541256811{padding-right: 6% !important;padding-left: 6% !important;}\u00a0\u00bb][vc_column_text]<\/p>\n<h2>Sites Arch\u00e9ologiques<\/h2>\n<p>[\/vc_column_text]<div class=\"qodef-separator-holder clearfix  qodef-separator-center qodef-separator-gradient\">\n\t<div class=\"qodef-separator\" style=\"width: 67px;border-bottom-width: 2px;margin-top: 12px;margin-bottom: 18px\"><\/div>\n<\/div>\n[vc_column_text]<\/p>\n<h4>Carpis, Area Archeologica e Antiquarium Eraclea Minoa (AG), Parco Archeologico e Paesaggistico della Valle dei Templi, Citt\u00e0 Romana di Pupput.<\/h4>\n<p>[\/vc_column_text][\/vc_column][\/vc_row][vc_row full_screen_section_height=\u00a0\u00bbno\u00a0\u00bb][vc_column]<div class = \"qodef-portfolio-list-holder-outer qodef-ptf-gallery qodef-ptf-four-columns\" data-next-page= \"2\" data-type= \"gallery\" data-columns= \"four\" data-grid-size= \"three\" data-order-by= \"menu_order\" data-order= \"ASC\" data-number= \"-1\" data-image-size= \"full\" data-filter= \"no\" data-filter-order-by= \"name\" data-category= \"sites-archeologiques\" data-show-load-more= \"no\" data-title-tag= \"h5\" data-max-num-pages = 0><div class = \"qodef-portfolio-list-holder clearfix\" >    <article class=\"qodef-portfolio-item mix portfolio_category_9\">\n        <div class=\"qodef-portfolio-item-inner\">\n            <a class=\"qodef-portfolio-link\" href=\"https:\/\/projetcefel.eu\/fr\/portfolio-item\/site-carpis\/\" target=\"_self\"><\/a>\n            <div class=\"qodef-item-image-holder\">\n                <div class=\"qodef-blur-holder-outer\" style=\"background-image:url(https:\/\/projetcefel.eu\/wp-content\/uploads\/2022\/04\/carpis_4.jpg)\"><\/div>\n\t\t\t\t<img width=\"1440\" height=\"957\" src=\"https:\/\/projetcefel.eu\/wp-content\/uploads\/2022\/04\/carpis_4.jpg\" class=\"attachment-full size-full wp-post-image\" alt=\"\" loading=\"lazy\" srcset=\"https:\/\/projetcefel.eu\/wp-content\/uploads\/2022\/04\/carpis_4.jpg 1440w, https:\/\/projetcefel.eu\/wp-content\/uploads\/2022\/04\/carpis_4-300x199.jpg 300w, https:\/\/projetcefel.eu\/wp-content\/uploads\/2022\/04\/carpis_4-1024x681.jpg 1024w, https:\/\/projetcefel.eu\/wp-content\/uploads\/2022\/04\/carpis_4-768x510.jpg 768w\" sizes=\"(max-width: 1440px) 100vw, 1440px\" \/>            <\/div>\n            <div class=\"qodef-item-text-overlay\">\n                <div class=\"qodef-item-text-overlay-inner\">\n                    <div class=\"qodef-item-text-holder\">\n                        <h5 class=\"qodef-item-title\">\n\t\t\t\t\t\tSite Carpis                    <\/h5>\n                    <div class=\"qodef-separator\"><\/div>\n\t\t\t\t\t<div class=\"qodef-ptf-category-holder\"><span>sites arch\u00e9ologiques<\/span><\/div>                <\/div>\n            <\/div>\n        <\/div>\n        <\/div>\n    <\/article>\n    <article class=\"qodef-portfolio-item mix portfolio_category_9\">\n        <div class=\"qodef-portfolio-item-inner\">\n            <a class=\"qodef-portfolio-link\" href=\"https:\/\/projetcefel.eu\/fr\/portfolio-item\/la-cite-romaine-de-pupput\/\" target=\"_self\"><\/a>\n            <div class=\"qodef-item-image-holder\">\n                <div class=\"qodef-blur-holder-outer\" style=\"background-image:url(https:\/\/projetcefel.eu\/wp-content\/uploads\/2022\/04\/Pupput_banner.jpg)\"><\/div>\n\t\t\t\t<img width=\"1400\" height=\"934\" src=\"https:\/\/projetcefel.eu\/wp-content\/uploads\/2022\/04\/Pupput_banner.jpg\" class=\"attachment-full size-full wp-post-image\" alt=\"\" loading=\"lazy\" srcset=\"https:\/\/projetcefel.eu\/wp-content\/uploads\/2022\/04\/Pupput_banner.jpg 1400w, https:\/\/projetcefel.eu\/wp-content\/uploads\/2022\/04\/Pupput_banner-300x200.jpg 300w, https:\/\/projetcefel.eu\/wp-content\/uploads\/2022\/04\/Pupput_banner-1024x683.jpg 1024w, https:\/\/projetcefel.eu\/wp-content\/uploads\/2022\/04\/Pupput_banner-768x512.jpg 768w\" sizes=\"(max-width: 1400px) 100vw, 1400px\" \/>            <\/div>\n            <div class=\"qodef-item-text-overlay\">\n                <div class=\"qodef-item-text-overlay-inner\">\n                    <div class=\"qodef-item-text-holder\">\n                        <h5 class=\"qodef-item-title\">\n\t\t\t\t\t\tLa cit\u00e9 romaine de Pupput                    <\/h5>\n                    <div class=\"qodef-separator\"><\/div>\n\t\t\t\t\t<div class=\"qodef-ptf-category-holder\"><span>sites arch\u00e9ologiques<\/span><\/div>                <\/div>\n            <\/div>\n        <\/div>\n        <\/div>\n    <\/article>\n    <article class=\"qodef-portfolio-item mix portfolio_category_9\">\n        <div class=\"qodef-portfolio-item-inner\">\n            <a class=\"qodef-portfolio-link\" href=\"https:\/\/projetcefel.eu\/fr\/portfolio-item\/parc-archeologique-et-paysager-de-la-vallee-des-temples\/\" target=\"_self\"><\/a>\n            <div class=\"qodef-item-image-holder\">\n                <div class=\"qodef-blur-holder-outer\" style=\"background-image:url(https:\/\/projetcefel.eu\/wp-content\/uploads\/2022\/04\/valle-dei-templi_05.jpg)\"><\/div>\n\t\t\t\t<img width=\"1400\" height=\"934\" src=\"https:\/\/projetcefel.eu\/wp-content\/uploads\/2022\/04\/valle-dei-templi_05.jpg\" class=\"attachment-full size-full wp-post-image\" alt=\"\" loading=\"lazy\" srcset=\"https:\/\/projetcefel.eu\/wp-content\/uploads\/2022\/04\/valle-dei-templi_05.jpg 1400w, https:\/\/projetcefel.eu\/wp-content\/uploads\/2022\/04\/valle-dei-templi_05-300x200.jpg 300w, https:\/\/projetcefel.eu\/wp-content\/uploads\/2022\/04\/valle-dei-templi_05-1024x683.jpg 1024w, https:\/\/projetcefel.eu\/wp-content\/uploads\/2022\/04\/valle-dei-templi_05-768x512.jpg 768w\" sizes=\"(max-width: 1400px) 100vw, 1400px\" \/>            <\/div>\n            <div class=\"qodef-item-text-overlay\">\n                <div class=\"qodef-item-text-overlay-inner\">\n                    <div class=\"qodef-item-text-holder\">\n                        <h5 class=\"qodef-item-title\">\n\t\t\t\t\t\tParc Arch\u00e9ologique et Paysager de la Vall\u00e9e des Temples                    <\/h5>\n                    <div class=\"qodef-separator\"><\/div>\n\t\t\t\t\t<div class=\"qodef-ptf-category-holder\"><span>sites arch\u00e9ologiques<\/span><\/div>                <\/div>\n            <\/div>\n        <\/div>\n        <\/div>\n    <\/article>\n    <article class=\"qodef-portfolio-item mix portfolio_category_9\">\n        <div class=\"qodef-portfolio-item-inner\">\n            <a class=\"qodef-portfolio-link\" href=\"https:\/\/projetcefel.eu\/fr\/portfolio-item\/zone-archeologique-et-antiquarium-eraclea-minoa\/\" target=\"_self\"><\/a>\n            <div class=\"qodef-item-image-holder\">\n                <div class=\"qodef-blur-holder-outer\" style=\"background-image:url(https:\/\/projetcefel.eu\/wp-content\/uploads\/2022\/04\/slider2.jpg)\"><\/div>\n\t\t\t\t<img width=\"2000\" height=\"1333\" src=\"https:\/\/projetcefel.eu\/wp-content\/uploads\/2022\/04\/slider2.jpg\" class=\"attachment-full size-full wp-post-image\" alt=\"\" loading=\"lazy\" srcset=\"https:\/\/projetcefel.eu\/wp-content\/uploads\/2022\/04\/slider2.jpg 2000w, https:\/\/projetcefel.eu\/wp-content\/uploads\/2022\/04\/slider2-300x200.jpg 300w, https:\/\/projetcefel.eu\/wp-content\/uploads\/2022\/04\/slider2-1024x682.jpg 1024w, https:\/\/projetcefel.eu\/wp-content\/uploads\/2022\/04\/slider2-768x512.jpg 768w, https:\/\/projetcefel.eu\/wp-content\/uploads\/2022\/04\/slider2-1536x1024.jpg 1536w\" sizes=\"(max-width: 2000px) 100vw, 2000px\" \/>            <\/div>\n            <div class=\"qodef-item-text-overlay\">\n                <div class=\"qodef-item-text-overlay-inner\">\n                    <div class=\"qodef-item-text-holder\">\n                        <h5 class=\"qodef-item-title\">\n\t\t\t\t\t\tZone Arch\u00e9ologique et Antiquarium Eraclea Minoa (AG)                    <\/h5>\n                    <div class=\"qodef-separator\"><\/div>\n\t\t\t\t\t<div class=\"qodef-ptf-category-holder\"><span>sites arch\u00e9ologiques<\/span><\/div>                <\/div>\n            <\/div>\n        <\/div>\n        <\/div>\n    <\/article>\n<\/div><\/div>[\/vc_column][\/vc_row][vc_row full_screen_section_height=\u00a0\u00bbno\u00a0\u00bb css=\u00a0\u00bb.vc_custom_1476799196676{background-color: #f7f7f7 !important;}\u00a0\u00bb][vc_column]\t<div class=\"qodef-call-to-action normal\">\n\n\t\t\t\t<div class=\"qodef-container-inner\">\n\t\t\t\t\t<div class=\"qodef-call-to-action-row-75-25 clearfix\" style=\"padding: 63px 0;\">\n\t\t\t\t\t\t<div class=\"qodef-text-wrapper qodef-call-to-action-column1 qodef-call-to-action-cell\">\n\t\t\t\t\t\t\t\t\t<div class=\"qodef-call-to-action-text\" >\n<h3 style=\"font-size: 24px; text-align: center;\"><strong>INSCRIVEZ-VOUS \u00c0 LA PLATEFORME CEFEL ARCH\u00c8OLOGIE PUBLIQUE<\/strong><\/h3>\n<\/div>\n\t\t\t\t<\/div>\n\n\t\t\t\t\t\t\t\t\t<div class=\"qodef-button-wrapper qodef-call-to-action-column2 qodef-call-to-action-cell\" style =\"text-align: right ;\">\n\t\t\t\t\t\t<a itemprop=\"url\" href=\"https:\/\/projetcefel.eu\/fr\/contactes\/\" target=\"_self\"  class=\"qodef-btn qodef-btn-large qodef-btn-solid qodef-btn-flip\"  >    <span class=\"qodef-btn-text\">s&#039;abonner<\/span>         \t    <span class=\"qodef-btn-text-flip\">\t    \t<span class=\"qodef-btn-text\">s&#039;abonner<\/span>\t    \t\t    <\/span>    <\/a>\t\t\t\t\t<\/div>\n\t\t\t\t\t\t\t<\/div>\n\t\t\t\t<\/div>\n\t\t\t<\/div>\n[\/vc_column][\/vc_row][vc_row content_width=\u00a0\u00bbgrid\u00a0\u00bb content_aligment=\u00a0\u00bbcenter\u00a0\u00bb full_screen_section_height=\u00a0\u00bbno\u00a0\u00bb css=\u00a0\u00bb.vc_custom_1651833432450{padding-top: 100px !important;padding-bottom: 0px !important;}\u00a0\u00bb][vc_column offset=\u00a0\u00bbvc_col-lg-offset-1 vc_col-lg-10 vc_col-md-offset-1 vc_col-md-10&Prime; css=\u00a0\u00bb.vc_custom_1474541256811{padding-right: 6% !important;padding-left: 6% !important;}\u00a0\u00bb][vc_column_text]<\/p>\n<h2>Alertes et Nouvelles<\/h2>\n<p>[\/vc_column_text]<div class=\"qodef-separator-holder clearfix  qodef-separator-center qodef-separator-gradient\">\n\t<div class=\"qodef-separator\" style=\"width: 67px;border-bottom-width: 2px;margin-top: 12px;margin-bottom: 18px\"><\/div>\n<\/div>\n[\/vc_column][\/vc_row][vc_row content_width=\u00a0\u00bbgrid\u00a0\u00bb full_screen_section_height=\u00a0\u00bbno\u00a0\u00bb css=\u00a0\u00bb.vc_custom_1649256248302{padding-top: 50px !important;padding-bottom: 50px !important;}\u00a0\u00bb][vc_column]<div class=\"qodef-blog-list-holder qodef-boxes qodef-three-columns\">\n    <ul class=\"qodef-blog-list\">\n\t\t<li class=\"qodef-blog-list-item\">\n\t<div class=\"qodef-blog-list-item-inner\">\n        \t\t<div class=\"qodef-item-image clearfix\">\n\t\t\t<a itemprop=\"url\" href=\"https:\/\/projetcefel.eu\/fr\/ceremonie-finale-des-activites-de-formation-2\/\">\n\t\t\t\t<div class=\"qodef-item-image-overlay\"><\/div>\n\t\t\t\t\t\t\t\t\n\t\t\t<\/a>\n\t\t<\/div>\n        \t\t<div class=\"qodef-item-text-holder\">\n                            <div class=\"qodef-item-info-section qodef-section-top\">\n                    <div itemprop=\"dateCreated\" class=\"qodef-post-info-date entry-date updated\">\n\t                <span class=\"qodef-date-value\">\n\t\t    20 novembre 2023        <\/span>\n\n\t\t<meta itemprop=\"interactionCount\" content=\"UserComments: 0\"\/>\n<\/div><div class=\"qodef-post-info-category\"><a href=\"https:\/\/projetcefel.eu\/fr\/category\/alertes-et-nouvelles\/\" rel=\"category tag\">Alertes et Nouvelles<\/a><\/div><div class=\"qodef-post-info-author\">BY <a itemprop=\"author\" class=\"qodef-post-info-author-link\" href=\"https:\/\/projetcefel.eu\/fr\/author\/admin\/\">admin<\/a><\/div>\n                <\/div>\n            \t\t\t<h5 itemprop=\"name\" class=\"qodef-item-title entry-title\">\n\t\t\t\t<a itemprop=\"url\" href=\"https:\/\/projetcefel.eu\/fr\/ceremonie-finale-des-activites-de-formation-2\/\" >\n\t\t\t\t\tCEFEL \u2013 PR\u00c9SENTATION DES R\u00c9SULTATS DU PROJET CEFEL \u2013 ARCH\u00c9OLOGIE PUBLIQUE\t\t\t\t<\/a>\n\t\t\t<\/h5>\n\t\t\t\t\t\t\t<p itemprop=\"description\" class=\"qodef-excerpt\">Les r\u00e9sultats du projet CEFEL \u2013 Arch\u00e9ologie publique, financ\u00e9 dans le cadre du Programme de coop\u00e9ration trans...<\/p>\n\t\t\t                            <div class=\"qodef-item-info-section qodef-section-bottom clearfix qodef-no-info-share \">\n\t\t\t\t\t\t<div class=\"qodef-section-bottom-left\">\n\t\t\t\t\t\t\t                        <\/div>\n                                            <div class=\"qodef-section-bottom-right\">\n\t\t\t\t\t\t\t<div class =\"qodef-blog-share\">\n\t<\/div>                        <\/div>\n                                    <\/div>\n            \n\t\t<\/div>\n\t<\/div>\t\n<\/li><li class=\"qodef-blog-list-item\">\n\t<div class=\"qodef-blog-list-item-inner\">\n        \t\t<div class=\"qodef-item-image clearfix\">\n\t\t\t<a itemprop=\"url\" href=\"https:\/\/projetcefel.eu\/fr\/ceremonie-finale-des-activites-de-formation\/\">\n\t\t\t\t<div class=\"qodef-item-image-overlay\"><\/div>\n\t\t\t\t\t\t\t\t\n\t\t\t<\/a>\n\t\t<\/div>\n        \t\t<div class=\"qodef-item-text-holder\">\n                            <div class=\"qodef-item-info-section qodef-section-top\">\n                    <div itemprop=\"dateCreated\" class=\"qodef-post-info-date entry-date updated\">\n\t                <span class=\"qodef-date-value\">\n\t\t    21 juin 2023        <\/span>\n\n\t\t<meta itemprop=\"interactionCount\" content=\"UserComments: 0\"\/>\n<\/div><div class=\"qodef-post-info-category\"><a href=\"https:\/\/projetcefel.eu\/fr\/category\/alertes-et-nouvelles\/\" rel=\"category tag\">Alertes et Nouvelles<\/a><\/div><div class=\"qodef-post-info-author\">BY <a itemprop=\"author\" class=\"qodef-post-info-author-link\" href=\"https:\/\/projetcefel.eu\/fr\/author\/admin\/\">admin<\/a><\/div>\n                <\/div>\n            \t\t\t<h5 itemprop=\"name\" class=\"qodef-item-title entry-title\">\n\t\t\t\t<a itemprop=\"url\" href=\"https:\/\/projetcefel.eu\/fr\/ceremonie-finale-des-activites-de-formation\/\" >\n\t\t\t\t\tC\u00e9r\u00e9monie finale des activit\u00e9s de formation\t\t\t\t<\/a>\n\t\t\t<\/h5>\n\t\t\t\t\t\t\t<p itemprop=\"description\" class=\"qodef-excerpt\">La c\u00e9r\u00e9monie finale des activit\u00e9s de formation de CEFEL, un projet cofinanc\u00e9 par l&rsquo;Union Europ\u00e9enne dans...<\/p>\n\t\t\t                            <div class=\"qodef-item-info-section qodef-section-bottom clearfix qodef-no-info-share \">\n\t\t\t\t\t\t<div class=\"qodef-section-bottom-left\">\n\t\t\t\t\t\t\t                        <\/div>\n                                            <div class=\"qodef-section-bottom-right\">\n\t\t\t\t\t\t\t<div class =\"qodef-blog-share\">\n\t<\/div>                        <\/div>\n                                    <\/div>\n            \n\t\t<\/div>\n\t<\/div>\t\n<\/li><li class=\"qodef-blog-list-item\">\n\t<div class=\"qodef-blog-list-item-inner\">\n        \t\t<div class=\"qodef-item-image clearfix\">\n\t\t\t<a itemprop=\"url\" href=\"https:\/\/projetcefel.eu\/fr\/formation-pour-les-entreprises-siciliennes\/\">\n\t\t\t\t<div class=\"qodef-item-image-overlay\"><\/div>\n\t\t\t\t\t\t\t\t\n\t\t\t<\/a>\n\t\t<\/div>\n        \t\t<div class=\"qodef-item-text-holder\">\n                            <div class=\"qodef-item-info-section qodef-section-top\">\n                    <div itemprop=\"dateCreated\" class=\"qodef-post-info-date entry-date updated\">\n\t                <span class=\"qodef-date-value\">\n\t\t    14 juin 2023        <\/span>\n\n\t\t<meta itemprop=\"interactionCount\" content=\"UserComments: 0\"\/>\n<\/div><div class=\"qodef-post-info-category\"><a href=\"https:\/\/projetcefel.eu\/fr\/category\/alertes-et-nouvelles\/\" rel=\"category tag\">Alertes et Nouvelles<\/a><\/div><div class=\"qodef-post-info-author\">BY <a itemprop=\"author\" class=\"qodef-post-info-author-link\" href=\"https:\/\/projetcefel.eu\/fr\/author\/admin\/\">admin<\/a><\/div>\n                <\/div>\n            \t\t\t<h5 itemprop=\"name\" class=\"qodef-item-title entry-title\">\n\t\t\t\t<a itemprop=\"url\" href=\"https:\/\/projetcefel.eu\/fr\/formation-pour-les-entreprises-siciliennes\/\" >\n\t\t\t\t\tProjet CEFEL \u2013 formation pour les entreprises siciliennes\t\t\t\t<\/a>\n\t\t\t<\/h5>\n\t\t\t\t\t\t\t<p itemprop=\"description\" class=\"qodef-excerpt\">Nouvelle \u00e9tape du parcours de formation que CEFEL d\u00e9die aux entreprises siciliennes actives dans la valorisation ...<\/p>\n\t\t\t                            <div class=\"qodef-item-info-section qodef-section-bottom clearfix qodef-no-info-share \">\n\t\t\t\t\t\t<div class=\"qodef-section-bottom-left\">\n\t\t\t\t\t\t\t                        <\/div>\n                                            <div class=\"qodef-section-bottom-right\">\n\t\t\t\t\t\t\t<div class =\"qodef-blog-share\">\n\t<\/div>                        <\/div>\n                                    <\/div>\n            \n\t\t<\/div>\n\t<\/div>\t\n<\/li>    <\/ul>\n<\/div>\n[\/vc_column][\/vc_row][vc_row full_screen_section_height=\u00a0\u00bbno\u00a0\u00bb css=\u00a0\u00bb.vc_custom_1476799196676{background-color: #f7f7f7 !important;}\u00a0\u00bb][vc_column]\t<div class=\"qodef-call-to-action normal\">\n\n\t\t\t\t<div class=\"qodef-container-inner\">\n\t\t\t\t\t<div class=\"qodef-call-to-action-row-75-25 clearfix\" style=\"padding: 63px 0;\">\n\t\t\t\t\t\t<div class=\"qodef-text-wrapper qodef-call-to-action-column1 qodef-call-to-action-cell\">\n\t\t\t\t\t\t\t\t\t<div class=\"qodef-call-to-action-text\" >\n<h3 style=\"font-size: 24px; text-align: center;\">T\u00c9L\u00c9CHARGER LA REVUE DE PRESSE DU PROJET CEFEL<\/h3>\n<\/div>\n\t\t\t\t<\/div>\n\n\t\t\t\t\t\t\t\t\t<div class=\"qodef-button-wrapper qodef-call-to-action-column2 qodef-call-to-action-cell\" style =\"text-align: right ;\">\n\t\t\t\t\t\t<a itemprop=\"url\" href=\"https:\/\/projetcefel.eu\/wp-content\/uploads\/2022\/04\/CEFEL_rassegna-stampa.pdf\" target=\"_self\"  class=\"qodef-btn qodef-btn-large qodef-btn-solid qodef-btn-flip\"  >    <span class=\"qodef-btn-text\">T\u00c9L\u00c9CHARGER<\/span>         \t    <span class=\"qodef-btn-text-flip\">\t    \t<span class=\"qodef-btn-text\">T\u00c9L\u00c9CHARGER<\/span>\t    \t\t    <\/span>    <\/a>\t\t\t\t\t<\/div>\n\t\t\t\t\t\t\t<\/div>\n\t\t\t\t<\/div>\n\t\t\t<\/div>\n[\/vc_column][\/vc_row]<\/p>\n","protected":false},"excerpt":{"rendered":"<p>[vc_row content_width=\u00a0\u00bbgrid\u00a0\u00bb full_screen_section_height=\u00a0\u00bbno\u00a0\u00bb css=\u00a0\u00bb.vc_custom_1649244002203{padding-top: 78px !important;padding-bottom: 78px !important;background-color: #f7f7f7 !important;}\u00a0\u00bb][vc_column][vc_column_text css=\u00a0\u00bb.vc_custom_1652334857925{padding-top: 50px !important;}\u00a0\u00bb] Projet cofinanc\u00e9 par l\u2019Union europ\u00e9enne dans le cadre du Programme IEV de Coop\u00e9ration Transfrontali\u00e8re ItalieTunisie 2014-2020. [\/vc_column_text][\/vc_column][\/vc_row][vc_row content_width=\u00a0\u00bbgrid\u00a0\u00bb content_aligment=\u00a0\u00bbcenter\u00a0\u00bb full_screen_section_height=\u00a0\u00bbno\u00a0\u00bb css=\u00a0\u00bb.vc_custom_1649082427380{padding-top: 80px !important;padding-bottom: 100px !important;background-color: #ffffff !important;}\u00a0\u00bb][vc_column offset=\u00a0\u00bbvc_col-lg-offset-1 vc_col-lg-10 vc_col-md-offset-1 vc_col-md-10&Prime; css=\u00a0\u00bb.vc_custom_1474541256811{padding-right:&#8230;<\/p>\n","protected":false},"author":1,"featured_media":0,"parent":0,"menu_order":0,"comment_status":"closed","ping_status":"closed","template":"full-width.php","meta":{"inline_featured_image":false},"_links":{"self":[{"href":"https:\/\/projetcefel.eu\/fr\/wp-json\/wp\/v2\/pages\/533"}],"collection":[{"href":"https:\/\/projetcefel.eu\/fr\/wp-json\/wp\/v2\/pages"}],"about":[{"href":"https:\/\/projetcefel.eu\/fr\/wp-json\/wp\/v2\/types\/page"}],"author":[{"embeddable":true,"href":"https:\/\/projetcefel.eu\/fr\/wp-json\/wp\/v2\/users\/1"}],"replies":[{"embeddable":true,"href":"https:\/\/projetcefel.eu\/fr\/wp-json\/wp\/v2\/comments?post=533"}],"version-history":[{"count":14,"href":"https:\/\/projetcefel.eu\/fr\/wp-json\/wp\/v2\/pages\/533\/revisions"}],"predecessor-version":[{"id":1388,"href":"https:\/\/projetcefel.eu\/fr\/wp-json\/wp\/v2\/pages\/533\/revisions\/1388"}],"wp:attachment":[{"href":"https:\/\/projetcefel.eu\/fr\/wp-json\/wp\/v2\/media?parent=533"}],"curies":[{"name":"wp","href":"https:\/\/api.w.org\/{rel}","templated":true}]}}